{"id":234,"date":"2015-05-14T14:22:04","date_gmt":"2015-05-14T14:22:04","guid":{"rendered":"http:\/\/junge-familien.zaybachtal.de\/?page_id=234"},"modified":"2015-07-17T16:39:57","modified_gmt":"2015-07-17T16:39:57","slug":"werkstattkirche-grundschulkinder","status":"publish","type":"page","link":"http:\/\/junge-familien.zaybachtal.de\/?page_id=234","title":{"rendered":"Werkstattkirche (Grundschulkinder)"},"content":{"rendered":"<p>Unter dem Motto &#8222;<strong>Me<\/strong>ine <strong>K<\/strong>irche <strong>i<\/strong>st <strong>b<\/strong>unt <strong>u<\/strong>nd <strong>la<\/strong>ut&#8220; (MeKibula) haben wir ein neues Angebot f\u00fcr Kinder im Grundschulalter gestartet. In unserer <strong>Werkstattkirche<\/strong>, die zun\u00e4chst einmal im Monat stattfindet, besch\u00e4ftigen wir uns in Texten und Liedern mit &#8222;Gott und der Welt&#8220;. Anschlie\u00dfend habt Ihr ausgiebig Gelegenheit, Euch k\u00fcnstlerisch zu bet\u00e4tigen. Wir k\u00f6nnen gemeinsam malen und basteln. <a href=\"http:\/\/mekibula.zaybachtal.de\/\"><img loading=\"lazy\" decoding=\"async\" class=\" size-full wp-image-249 alignright\" src=\"http:\/\/junge-familien.zaybachtal.de\/wp-content\/uploads\/2015\/05\/meKibula-k2.png\" alt=\"MeKibula\" width=\"80\" height=\"80\" \/><\/a><\/p>\n<p style=\"text-align: left;\">Die Termine sind in der Regel an einem Freitag von: 15:30 Uhr bis 17:00 Uhr im Gemeindezentrum St. Bernhard statt.<\/p>\n<p style=\"text-align: center;\">Aktuelle Informationen findet Ihr unter<br \/>\n<strong><a href=\"http:\/\/mekibula.zaybachtal.de\/\" target=\"_blank\">mekibula.zaybachtal.de<\/a><\/strong><\/p>\n<h6>Fragen zur Werkstattkirche bitte an <em>mekibula[bei]zaybachtal.de<\/em><\/h6>\n","protected":false},"excerpt":{"rendered":"<p>Unter dem Motto &#8222;Meine Kirche ist bunt und laut&#8220; (MeKibula) haben wir ein neues Angebot f\u00fcr Kinder im Grundschulalter gestartet. In unserer Werkstattkirche, die zun\u00e4chst einmal im Monat stattfindet, besch\u00e4ftigen wir uns in Texten und Liedern mit &#8222;Gott und der &hellip; <a href=\"http:\/\/junge-familien.zaybachtal.de\/?page_id=234\">Weiterlesen <span class=\"meta-nav\">&rarr;<\/span><\/a><\/p>\n","protected":false},"author":1,"featured_media":0,"parent":0,"menu_order":0,"comment_status":"open","ping_status":"open","template":"","meta":{"footnotes":""},"class_list":["post-234","page","type-page","status-publish","hentry"],"_links":{"self":[{"href":"http:\/\/junge-familien.zaybachtal.de\/index.php?rest_route=\/wp\/v2\/pages\/234","targetHints":{"allow":["GET"]}}],"collection":[{"href":"http:\/\/junge-familien.zaybachtal.de\/index.php?rest_route=\/wp\/v2\/pages"}],"about":[{"href":"http:\/\/junge-familien.zaybachtal.de\/index.php?rest_route=\/wp\/v2\/types\/page"}],"author":[{"embeddable":true,"href":"http:\/\/junge-familien.zaybachtal.de\/index.php?rest_route=\/wp\/v2\/users\/1"}],"replies":[{"embeddable":true,"href":"http:\/\/junge-familien.zaybachtal.de\/index.php?rest_route=%2Fwp%2Fv2%2Fcomments&post=234"}],"version-history":[{"count":6,"href":"http:\/\/junge-familien.zaybachtal.de\/index.php?rest_route=\/wp\/v2\/pages\/234\/revisions"}],"predecessor-version":[{"id":250,"href":"http:\/\/junge-familien.zaybachtal.de\/index.php?rest_route=\/wp\/v2\/pages\/234\/revisions\/250"}],"wp:attachment":[{"href":"http:\/\/junge-familien.zaybachtal.de\/index.php?rest_route=%2Fwp%2Fv2%2Fmedia&parent=234"}],"curies":[{"name":"wp","href":"https:\/\/api.w.org\/{rel}","templated":true}]}}