{"id":17,"date":"2013-03-24T14:57:30","date_gmt":"2013-03-24T14:57:30","guid":{"rendered":"http:\/\/junge-familien.zaybachtal.de\/?page_id=17"},"modified":"2016-05-09T17:25:16","modified_gmt":"2016-05-09T17:25:16","slug":"das-team","status":"publish","type":"page","link":"http:\/\/junge-familien.zaybachtal.de\/?page_id=17","title":{"rendered":"Das Team"},"content":{"rendered":"<div>\n<p>Der Arbeitskreis Familienarbeit der Pfarrgruppe Zaybachtal k\u00fcmmert sich um Familien mit Kindern im Kindergarten- und Grundschulalter. Auf diese Altersgruppen sind unsere Veranstaltungen und Treffen ausgerichtet. Kleinere und gr\u00f6\u00dfere Geschwister sind nat\u00fcrlich ebenso herzlich willkommen.<br \/>\nInformationen zu den regelm\u00e4\u00dfigen Gottesdiensten f\u00fcr Klein- und Schulkinder finden Sie auf den <a title=\"Homepage der Pfarrgruppe Zaybachtal\" href=\"http:\/\/pfarrgruppe-zaybachtal.de\/\" target=\"_blank\">Internetseiten der Pfarrgruppe bzw. der einzelnen Gemeinden<\/a>.<\/p>\n<p>Die Verantwortlichen des Arbeitskreises Familienarbeit:<\/p>\n<ul>\n<li>Dr. Markus Beckmann, Bretzenheim (Tel.: 331049),<\/li>\n<li>Andr\u00e9 Runge, Zahlbach (Tel.: &lt;folgt&gt;),<\/li>\n<li>Michael Schwarz, Marienborn (Tel.: &lt;folgt&gt;) und<\/li>\n<li><strong>Doris Becker, Gemeindereferentin (Tel.: 732001)<\/strong><br \/>\nE-Mail-Kontakt: <a href=\"mailto:Doris.becker@pfarrgruppe-zaybachtal.de\">Doris.becker@pfarrgruppe-zaybachtal.de<\/a><\/li>\n<\/ul>\n<\/div>\n","protected":false},"excerpt":{"rendered":"<p>Der Arbeitskreis Familienarbeit der Pfarrgruppe Zaybachtal k\u00fcmmert sich um Familien mit Kindern im Kindergarten- und Grundschulalter. Auf diese Altersgruppen sind unsere Veranstaltungen und Treffen ausgerichtet. Kleinere und gr\u00f6\u00dfere Geschwister sind nat\u00fcrlich ebenso herzlich willkommen. Informationen zu den regelm\u00e4\u00dfigen Gottesdiensten f\u00fcr &hellip; <a href=\"http:\/\/junge-familien.zaybachtal.de\/?page_id=17\">Weiterlesen <span class=\"meta-nav\">&rarr;<\/span><\/a><\/p>\n","protected":false},"author":1,"featured_media":0,"parent":0,"menu_order":0,"comment_status":"open","ping_status":"open","template":"","meta":{"footnotes":""},"class_list":["post-17","page","type-page","status-publish","hentry"],"_links":{"self":[{"href":"http:\/\/junge-familien.zaybachtal.de\/index.php?rest_route=\/wp\/v2\/pages\/17","targetHints":{"allow":["GET"]}}],"collection":[{"href":"http:\/\/junge-familien.zaybachtal.de\/index.php?rest_route=\/wp\/v2\/pages"}],"about":[{"href":"http:\/\/junge-familien.zaybachtal.de\/index.php?rest_route=\/wp\/v2\/types\/page"}],"author":[{"embeddable":true,"href":"http:\/\/junge-familien.zaybachtal.de\/index.php?rest_route=\/wp\/v2\/users\/1"}],"replies":[{"embeddable":true,"href":"http:\/\/junge-familien.zaybachtal.de\/index.php?rest_route=%2Fwp%2Fv2%2Fcomments&post=17"}],"version-history":[{"count":5,"href":"http:\/\/junge-familien.zaybachtal.de\/index.php?rest_route=\/wp\/v2\/pages\/17\/revisions"}],"predecessor-version":[{"id":411,"href":"http:\/\/junge-familien.zaybachtal.de\/index.php?rest_route=\/wp\/v2\/pages\/17\/revisions\/411"}],"wp:attachment":[{"href":"http:\/\/junge-familien.zaybachtal.de\/index.php?rest_route=%2Fwp%2Fv2%2Fmedia&parent=17"}],"curies":[{"name":"wp","href":"https:\/\/api.w.org\/{rel}","templated":true}]}}