{"id":13,"date":"2013-03-24T14:54:52","date_gmt":"2013-03-24T14:54:52","guid":{"rendered":"http:\/\/junge-familien.zaybachtal.de\/?page_id=13"},"modified":"2016-05-11T16:54:24","modified_gmt":"2016-05-11T16:54:24","slug":"das-programm-2013","status":"publish","type":"page","link":"http:\/\/junge-familien.zaybachtal.de\/?page_id=13","title":{"rendered":"Das Programm"},"content":{"rendered":"<h1>!! Zu Aktivit\u00e4ten in <span style=\"text-decoration: underline;\"><strong>2016<\/strong><\/span> folgen in K\u00fcrze Informationen !!<\/h1>\n<h2>Mit jungen Familien durch das Jahr <span style=\"text-decoration: underline;\"><strong>2015<\/strong><\/span><\/h2>\n<p>=&gt; <a href=\"http:\/\/junge-familien.zaybachtal.de\/wp-content\/uploads\/2013\/03\/Jahresprogramm-2015_4.pdf\" target=\"blank\">Das Jahresprogramm 2015 zum Download (pdf)<\/a><\/p>\n<h2>Fasten-Essen f\u00fcr Familien mit Kindern<\/h2>\n<h3>Sankt Stephan, Marienborn<\/h3>\n<p>Am Sonntag, den 29.03.2015, um 10.00 Uhr laden wir alle Kinder mit ihren Familien zur Palmsegnung am Brunnen (Kirchplatz), Palmprozession und Eucharistiefeier in der Kirche ein. Zum Wortgottesdienst treffen sich die Kinder im Pfarrheim.<\/p>\n<p>Gegen 11.30 Uhr gibt es das Angebot zum gemeinsamen Fasten-Essen.<\/p>\n<p>Die Kinder k\u00f6nnen Osterk\u00f6rbchen gestalten und Ostereier marmorieren. (Ende ca. 14.00 Uhr)<\/p>\n<h2>Ein &#8222;schafiger&#8220; Nachmittag<\/h2>\n<h3>Sankt Achatius, Zahlbach, und Schafsweide<\/h3>\n<p>Bei (hoffentlich) sonnigem Wetter laden wir am Samstag, den 25.04.2015 von 15.00 bis ca. 17.30 Uhr in den Pfarrsaal ein.<\/p>\n<p>Nach einem gemeinsamen Kaffeetrinken (bitte Kuchen daf\u00fcr mitbringen) spazieren wir zur nah gelegenen Schafswiese an den R\u00f6mersteinen wo uns der Sch\u00e4fer von seiner Arbeit mit den Tieren erz\u00e4hlt. Anschlie\u00dfend basteln wir gemeinsam Schafe.<\/p>\n<h2>R\u00e4uberlager<\/h2>\n<h3>Sankt Bernhard, Bretzenheim<\/h3>\n<p>Kleine und gro\u00dfe R\u00e4uber treffen sich am Samstag, den 20.06.2015, zu einem z\u00fcnftigen R\u00e4uberlager. Auch der R\u00e4uber Hotzenplotz m\u00f6chte uns besuchen und seine Geschichte erz\u00e4hlen (bitte aktuelle Informationen auf der Webseite beachten). Danach gibt es Spiele, R\u00e4uberlieder und ein z\u00fcnftiges Lagerfeuer mit W\u00fcrstchen und Stockbrot.<\/p>\n<p>Treffpunkt ist gegen 15.00 Uhr im Gemeindezentrum St. Bernhard, Ende gegen 18.00 Uhr.<\/p>\n<h2>Vorlesen und Schm\u00f6kern, denn: Lesen macht Spa\u00df!<\/h2>\n<h3>Sankt Bernhard, Bretzenheim<\/h3>\n<p>Am So., den 11.10.2015, von 12.00 bis ca. 17.00 Uhr sind uns alle Kinder (besonders Kleinkinder bis Grundschulkinder) und ihre Familien, die Lust am Schm\u00f6kern haben und gerne Vorgelesen bekommen, herzlich willkommen!<\/p>\n<p>Die beiden B\u00fccherei-Teams aus Sankt Georg und St. Stephan sind mit dabei und bringen eine sch\u00f6ne Buchauswahl mit. Wir treffen uns im Gemeindesaal von St. Bernhard. F\u00fcr Kleinigkeiten zum Essen und Getr\u00e4nke sorgen wir (Spende erw\u00fcnscht). Wir freuen uns wenn Sie einen Kuchen f\u00fcr das Kuchenbuffet mitbringen.<\/p>\n<h2>Im Advent, im Advent &#8230;<\/h2>\n<h3>Sankt Achatius, Zahlbach<\/h3>\n<p>&#8230; werden Pl\u00e4tzchen gebacken und Adventslieder gesungen. Dazu treffen wir uns am Samstag, den 19.12.2015, um 15.30 Uhr bis ca. 17.30 Uhr im Gemeindesaal von St. Achatius.<\/p>\n<p>Folgendes d\u00fcrfen Sie gerne mitbringen: evtl. Sch\u00fcrzen, Backbleche, Pl\u00e4tzchenausstecher. Falls Sie einen entsprechenden Pl\u00e4tzchenteig und Zutaten zum Verzieren mitbringen wollen, bitte bis 14.12. melden!<\/p>\n<h2>Vorschau 2016 \u2013 Familienbrunch nach dem Kleinkindergottesdienst<\/h2>\n<h3>Sankt Bernhard, Bretzenheim<\/h3>\n<p>Am So., 10.01.2016 findet im Anschluss an den Kleinkindergottesdienst in St. Bernhard (Beginn 11:00 Uhr) ein Familienbrunch statt. (Bitte eine Kleinigkeit f\u00fcr ein Buffet mitbringen.)<\/p>\n","protected":false},"excerpt":{"rendered":"<p>!! Zu Aktivit\u00e4ten in 2016 folgen in K\u00fcrze Informationen !! Mit jungen Familien durch das Jahr 2015 =&gt; Das Jahresprogramm 2015 zum Download (pdf) Fasten-Essen f\u00fcr Familien mit Kindern Sankt Stephan, Marienborn Am Sonntag, den 29.03.2015, um 10.00 Uhr laden &hellip; <a href=\"http:\/\/junge-familien.zaybachtal.de\/?page_id=13\">Weiterlesen <span class=\"meta-nav\">&rarr;<\/span><\/a><\/p>\n","protected":false},"author":1,"featured_media":0,"parent":0,"menu_order":0,"comment_status":"open","ping_status":"open","template":"","meta":{"footnotes":""},"class_list":["post-13","page","type-page","status-publish","hentry"],"_links":{"self":[{"href":"http:\/\/junge-familien.zaybachtal.de\/index.php?rest_route=\/wp\/v2\/pages\/13","targetHints":{"allow":["GET"]}}],"collection":[{"href":"http:\/\/junge-familien.zaybachtal.de\/index.php?rest_route=\/wp\/v2\/pages"}],"about":[{"href":"http:\/\/junge-familien.zaybachtal.de\/index.php?rest_route=\/wp\/v2\/types\/page"}],"author":[{"embeddable":true,"href":"http:\/\/junge-familien.zaybachtal.de\/index.php?rest_route=\/wp\/v2\/users\/1"}],"replies":[{"embeddable":true,"href":"http:\/\/junge-familien.zaybachtal.de\/index.php?rest_route=%2Fwp%2Fv2%2Fcomments&post=13"}],"version-history":[{"count":10,"href":"http:\/\/junge-familien.zaybachtal.de\/index.php?rest_route=\/wp\/v2\/pages\/13\/revisions"}],"predecessor-version":[{"id":417,"href":"http:\/\/junge-familien.zaybachtal.de\/index.php?rest_route=\/wp\/v2\/pages\/13\/revisions\/417"}],"wp:attachment":[{"href":"http:\/\/junge-familien.zaybachtal.de\/index.php?rest_route=%2Fwp%2Fv2%2Fmedia&parent=13"}],"curies":[{"name":"wp","href":"https:\/\/api.w.org\/{rel}","templated":true}]}}